{"id":577,"date":"2015-11-30T12:37:44","date_gmt":"2015-11-30T12:37:44","guid":{"rendered":"http:\/\/www.familialuiscanas.com\/web\/producto\/estuche-x-3-bot-carton-familia-con-luis-canas-luis-canas-crianza-amaren-crianza-cair-crianza\/"},"modified":"2025-11-28T08:51:27","modified_gmt":"2025-11-28T08:51:27","slug":"estuche-x-3-bot-carton-familia-con-luis-canas-luis-canas-crianza-amaren-crianza-cair-crianza","status":"publish","type":"product","link":"https:\/\/www.familialuiscanas.com\/web\/producto\/estuche-x-3-bot-carton-familia-con-luis-canas-luis-canas-crianza-amaren-crianza-cair-crianza\/","title":{"rendered":"Crianzas Deluxe"},"content":{"rendered":"<aside class=\"mashsb-container mashsb-main \"><div class=\"mashsb-box\"><div class=\"mashsb-buttons\"><a class=\"mashicon-facebook mashsb-noshadow\" href=\"https:\/\/www.facebook.com\/sharer.php?u=https%3A%2F%2Fwww.familialuiscanas.com%2Fweb%2Fproducto%2Festuche-x-3-bot-carton-familia-con-luis-canas-luis-canas-crianza-amaren-crianza-cair-crianza%2F\" target=\"_top\" rel=\"nofollow\"><span class=\"icon\"><\/span><span class=\"text\">Facebook<\/span><\/a><a class=\"mashicon-twitter mashsb-noshadow\" href=\"https:\/\/twitter.com\/intent\/tweet?text=&url=https:\/\/www.familialuiscanas.com\/web\/producto\/estuche-x-3-bot-carton-familia-con-luis-canas-luis-canas-crianza-amaren-crianza-cair-crianza\/\" target=\"_top\" rel=\"nofollow\"><span class=\"icon\"><\/span><span class=\"text\">Twitter<\/span><\/a><div class=\"onoffswitch2 mashsb-noshadow\" style=\"display:none;\"><\/div><\/div>\n            <\/div>\n                <div style=\"clear:both;\"><\/div><div class=\"mashsb-toggle-container\"><\/div><\/aside>\n            <!-- Share buttons by mashshare.net - Version: 3.7.9-->","protected":false},"excerpt":{"rendered":"<p>Explosi\u00f3n de frutas, car\u00e1cter y diversi\u00f3n. Tres vinos que te enganchar\u00e1n!<\/p>\n<ul>\n<li>1 botella de Luis Ca\u00f1as Crianza 2022<\/li>\n<li>1 botella de Amaren Selecci\u00f3n Vi\u00f1edos 2021<\/li>\n<li>1 botella de Cair Selecci\u00f3n de La Aguilera 2021<\/li>\n<\/ul>\n<p>&nbsp;<\/p>\n","protected":false},"featured_media":3844,"template":"","meta":[],"_links":{"self":[{"href":"https:\/\/www.familialuiscanas.com\/web\/wp-json\/wp\/v2\/product\/577"}],"collection":[{"href":"https:\/\/www.familialuiscanas.com\/web\/wp-json\/wp\/v2\/product"}],"about":[{"href":"https:\/\/www.familialuiscanas.com\/web\/wp-json\/wp\/v2\/types\/product"}],"wp:featuredmedia":[{"embeddable":true,"href":"https:\/\/www.familialuiscanas.com\/web\/wp-json\/wp\/v2\/media\/3844"}],"wp:attachment":[{"href":"https:\/\/www.familialuiscanas.com\/web\/wp-json\/wp\/v2\/media?parent=577"}],"curies":[{"name":"wp","href":"https:\/\/api.w.org\/{rel}","templated":true}]}}