{"id":545,"date":"2015-11-30T12:37:13","date_gmt":"2015-11-30T12:37:13","guid":{"rendered":"http:\/\/www.familialuiscanas.com\/web\/producto\/caja-x-6-botellas-carton-con-amaren-crianza\/"},"modified":"2025-07-31T13:17:42","modified_gmt":"2025-07-31T13:17:42","slug":"caja-x-6-botellas-carton-con-amaren-crianza","status":"publish","type":"product","link":"https:\/\/www.familialuiscanas.com\/web\/producto\/caja-x-6-botellas-carton-con-amaren-crianza\/","title":{"rendered":"CAJA X 6 BOTELLAS CART\u00d3N CON AMAREN Selecci\u00f3n de Vi\u00f1edos"},"content":{"rendered":"<aside class=\"mashsb-container mashsb-main \"><div class=\"mashsb-box\"><div class=\"mashsb-buttons\"><a class=\"mashicon-facebook mashsb-noshadow\" href=\"https:\/\/www.facebook.com\/sharer.php?u=https%3A%2F%2Fwww.familialuiscanas.com%2Fweb%2Fproducto%2Fcaja-x-6-botellas-carton-con-amaren-crianza%2F\" target=\"_top\" rel=\"nofollow\"><span class=\"icon\"><\/span><span class=\"text\">Facebook<\/span><\/a><a class=\"mashicon-twitter mashsb-noshadow\" href=\"https:\/\/twitter.com\/intent\/tweet?text=&url=https:\/\/www.familialuiscanas.com\/web\/producto\/caja-x-6-botellas-carton-con-amaren-crianza\/\" target=\"_top\" rel=\"nofollow\"><span class=\"icon\"><\/span><span class=\"text\">Twitter<\/span><\/a><div class=\"onoffswitch2 mashsb-noshadow\" style=\"display:none;\"><\/div><\/div>\n            <\/div>\n                <div style=\"clear:both;\"><\/div><div class=\"mashsb-toggle-container\"><\/div><\/aside>\n            <!-- Share buttons by mashshare.net - Version: 3.7.9-->","protected":false},"excerpt":{"rendered":"","protected":false},"featured_media":3842,"template":"","meta":[],"_links":{"self":[{"href":"https:\/\/www.familialuiscanas.com\/web\/wp-json\/wp\/v2\/product\/545"}],"collection":[{"href":"https:\/\/www.familialuiscanas.com\/web\/wp-json\/wp\/v2\/product"}],"about":[{"href":"https:\/\/www.familialuiscanas.com\/web\/wp-json\/wp\/v2\/types\/product"}],"wp:featuredmedia":[{"embeddable":true,"href":"https:\/\/www.familialuiscanas.com\/web\/wp-json\/wp\/v2\/media\/3842"}],"wp:attachment":[{"href":"https:\/\/www.familialuiscanas.com\/web\/wp-json\/wp\/v2\/media?parent=545"}],"curies":[{"name":"wp","href":"https:\/\/api.w.org\/{rel}","templated":true}]}}