{"id":492,"date":"2015-11-30T12:36:09","date_gmt":"2015-11-30T12:36:09","guid":{"rendered":"http:\/\/www.familialuiscanas.com\/web\/producto\/estuche-x-3-bot-carton-premium-con-luis-canas-blanco-fermentado\/"},"modified":"2026-04-13T10:58:25","modified_gmt":"2026-04-13T10:58:25","slug":"estuche-x-3-bot-carton-con-luis-canas-blanco-vinas-viejas-2019","status":"publish","type":"product","link":"https:\/\/www.familialuiscanas.com\/web\/producto\/estuche-x-3-bot-carton-con-luis-canas-blanco-vinas-viejas-2019\/","title":{"rendered":"ESTUCHE X 3 BOT CART\u00d3N PREMIUM CON LUIS CA\u00d1AS BLANCO VI\u00d1AS VIEJAS"},"content":{"rendered":"<aside class=\"mashsb-container mashsb-main \"><div class=\"mashsb-box\"><div class=\"mashsb-buttons\"><a class=\"mashicon-facebook mashsb-noshadow\" href=\"https:\/\/www.facebook.com\/sharer.php?u=https%3A%2F%2Fwww.familialuiscanas.com%2Fweb%2Fproducto%2Festuche-x-3-bot-carton-con-luis-canas-blanco-vinas-viejas-2019%2F\" target=\"_top\" rel=\"nofollow\"><span class=\"icon\"><\/span><span class=\"text\">Facebook<\/span><\/a><a class=\"mashicon-twitter mashsb-noshadow\" href=\"https:\/\/twitter.com\/intent\/tweet?text=&url=https:\/\/www.familialuiscanas.com\/web\/producto\/estuche-x-3-bot-carton-con-luis-canas-blanco-vinas-viejas-2019\/\" target=\"_top\" rel=\"nofollow\"><span class=\"icon\"><\/span><span class=\"text\">Twitter<\/span><\/a><div class=\"onoffswitch2 mashsb-noshadow\" style=\"display:none;\"><\/div><\/div>\n            <\/div>\n                <div style=\"clear:both;\"><\/div><div class=\"mashsb-toggle-container\"><\/div><\/aside>\n            <!-- Share buttons by mashshare.net - Version: 3.7.9-->","protected":false},"excerpt":{"rendered":"","protected":false},"featured_media":2893,"template":"","meta":[],"_links":{"self":[{"href":"https:\/\/www.familialuiscanas.com\/web\/wp-json\/wp\/v2\/product\/492"}],"collection":[{"href":"https:\/\/www.familialuiscanas.com\/web\/wp-json\/wp\/v2\/product"}],"about":[{"href":"https:\/\/www.familialuiscanas.com\/web\/wp-json\/wp\/v2\/types\/product"}],"wp:featuredmedia":[{"embeddable":true,"href":"https:\/\/www.familialuiscanas.com\/web\/wp-json\/wp\/v2\/media\/2893"}],"wp:attachment":[{"href":"https:\/\/www.familialuiscanas.com\/web\/wp-json\/wp\/v2\/media?parent=492"}],"curies":[{"name":"wp","href":"https:\/\/api.w.org\/{rel}","templated":true}]}}