{"id":3173,"date":"2020-12-11T09:32:50","date_gmt":"2020-12-11T09:32:50","guid":{"rendered":"https:\/\/www.familialuiscanas.com\/web\/?post_type=product&#038;p=3173"},"modified":"2026-02-11T15:28:59","modified_gmt":"2026-02-11T15:28:59","slug":"trilogia-de-terrunos","status":"publish","type":"product","link":"https:\/\/www.familialuiscanas.com\/web\/producto\/trilogia-de-terrunos\/","title":{"rendered":"Trilog\u00eda de terru\u00f1os"},"content":{"rendered":"<p><em>Una<strong> trilog\u00eda<\/strong> es un conjunto de tres obras literarias, art\u00edsticas o de entretenimiento que tienen entre s\u00ed cierta unidad, como la tem\u00e1tica, la intenci\u00f3n o los protagonistas, etc.<\/em><\/p>\n<p><em>Con esta trilog\u00eda nuestra intenci\u00f3n es que disfrutes de cada descorche y de los secretos que encierra cada botella, desde el pr\u00f3logo hasta el cap\u00edtulo final. <\/em><\/p>\n<p><em>Los personajes que han tejido la trama (en\u00f3logos y viticultores), los escenarios en los que habitan sus vides ( Rioja Alavesa y Ribera del Duero) y los tiempos (a\u00f1adas) en los que transcurren estas historias en forma de vino son tan diferentes entre s\u00ed que te har\u00e1n viajar sin moverte del sitio .<\/em><\/p>\n<p><em>Cada tierra tiene un sabor, y cada zona expresa un car\u00e1cter, pero a todos les une algo y alguien: la pasi\u00f3n de una saga familiar. \u00a1Atr\u00e9vete a descubrirlo adquiriendo este pack!<\/em><\/p>\n<p><em>*Limitado a 100 unidades. Disponible hasta fin de existencias.<\/em><\/p>\n<aside class=\"mashsb-container mashsb-main \"><div class=\"mashsb-box\"><div class=\"mashsb-buttons\"><a class=\"mashicon-facebook mashsb-noshadow\" href=\"https:\/\/www.facebook.com\/sharer.php?u=https%3A%2F%2Fwww.familialuiscanas.com%2Fweb%2Fproducto%2Ftrilogia-de-terrunos%2F\" target=\"_top\" rel=\"nofollow\"><span class=\"icon\"><\/span><span class=\"text\">Facebook<\/span><\/a><a class=\"mashicon-twitter mashsb-noshadow\" href=\"https:\/\/twitter.com\/intent\/tweet?text=&url=https:\/\/www.familialuiscanas.com\/web\/producto\/trilogia-de-terrunos\/\" target=\"_top\" rel=\"nofollow\"><span class=\"icon\"><\/span><span class=\"text\">Twitter<\/span><\/a><div class=\"onoffswitch2 mashsb-noshadow\" style=\"display:none;\"><\/div><\/div>\n            <\/div>\n                <div style=\"clear:both;\"><\/div><div class=\"mashsb-toggle-container\"><\/div><\/aside>\n            <!-- Share buttons by mashshare.net - Version: 3.7.9-->","protected":false},"excerpt":{"rendered":"<p>Incluye:<\/p>\n<ul>\n<li>Estuche de madera x 1 bot. CRUZ DEL PENDON 2018 ( Vino de paraje) -Bodega Dominio de Cair, en Ribera del Duero<\/li>\n<li>Estuche de madera x 1 bot. CRISTO DE SAMANIEGO 2022 ( Vino de Vi\u00f1edo Singular) \u2013 Bodegas Amaren, en Rioja Alavesa<\/li>\n<li>Estuche de madera x 1 bot. FINCA PALACIO 2020 (Vino de finca) \u2013 Bodegas Luis Ca\u00f1as, en Rioja Alavesa<\/li>\n<li>REGALO: Un libro biogr\u00e1fico LUIS CA\u00d1AS 90 \u2013 \u201cLABRADOR DE UN SUE\u00d1O\u201d<\/li>\n<\/ul>\n","protected":false},"featured_media":3175,"template":"","meta":[],"_links":{"self":[{"href":"https:\/\/www.familialuiscanas.com\/web\/wp-json\/wp\/v2\/product\/3173"}],"collection":[{"href":"https:\/\/www.familialuiscanas.com\/web\/wp-json\/wp\/v2\/product"}],"about":[{"href":"https:\/\/www.familialuiscanas.com\/web\/wp-json\/wp\/v2\/types\/product"}],"wp:featuredmedia":[{"embeddable":true,"href":"https:\/\/www.familialuiscanas.com\/web\/wp-json\/wp\/v2\/media\/3175"}],"wp:attachment":[{"href":"https:\/\/www.familialuiscanas.com\/web\/wp-json\/wp\/v2\/media?parent=3173"}],"curies":[{"name":"wp","href":"https:\/\/api.w.org\/{rel}","templated":true}]}}