{"id":48,"date":"2015-01-09T18:13:36","date_gmt":"2015-01-09T18:13:36","guid":{"rendered":"http:\/\/www.familialuiscanas.com\/web\/?page_id=48"},"modified":"2020-11-20T18:05:10","modified_gmt":"2020-11-20T18:05:10","slug":"club-familia-luis-canas","status":"publish","type":"page","link":"https:\/\/www.familialuiscanas.com\/web\/club-familia-luis-canas\/","title":{"rendered":"Club Familia Luis Ca\u00f1as"},"content":{"rendered":"<div tabindex=\"0\" class=\"cycloneslider cycloneslider-template-standard cycloneslider-width-responsive\" id=\"cycloneslider-slide-club-1\" style=\"max-width:1200px\" > <div class=\"cycloneslider-slides cycle-slideshow\" data-cycle-allow-wrap=\"true\" data-cycle-dynamic-height=\"off\" data-cycle-auto-height=\"1200:600\" data-cycle-auto-height-easing=\"null\" data-cycle-auto-height-speed=\"250\" data-cycle-delay=\"0\" data-cycle-easing=\"\" data-cycle-fx=\"fade\" data-cycle-hide-non-active=\"true\" data-cycle-log=\"false\" data-cycle-next=\"#cycloneslider-slide-club-1 .cycloneslider-next\" data-cycle-pager=\"#cycloneslider-slide-club-1 .cycloneslider-pager\" data-cycle-pause-on-hover=\"true\" data-cycle-prev=\"#cycloneslider-slide-club-1 .cycloneslider-prev\" data-cycle-slides=\"&gt; div\" data-cycle-speed=\"1000\" data-cycle-swipe=\"1\" data-cycle-tile-count=\"7\" data-cycle-tile-delay=\"100\" data-cycle-tile-vertical=\"true\" data-cycle-timeout=\"4000\" > <div class=\"cycloneslider-slide cycloneslider-slide-image\" > <img src=\"https:\/\/www.familialuiscanas.com\/web\/wp-content\/uploads\/2015\/01\/slide-club1.jpg\" alt=\"\" title=\"\" \/> <div class=\"cycloneslider-caption\"> <div class=\"cycloneslider-caption-title\"><\/div> <div class=\"cycloneslider-caption-description\">Desciende al rinc\u00f3n de la familia, en las entra\u00f1as de la bodega, donde junto a nuestras grandes a\u00f1adas reposar\u00e1n tus botellas. <\/div> <\/div> <\/div> <div class=\"cycloneslider-slide cycloneslider-slide-image\" > <img src=\"https:\/\/www.familialuiscanas.com\/web\/wp-content\/uploads\/2015\/01\/slide-club2.jpg\" alt=\"\" title=\"\" \/> <div class=\"cycloneslider-caption\"> <div class=\"cycloneslider-caption-title\"><\/div> <div class=\"cycloneslider-caption-description\">Disfruta de una buena comida, o de un merecido descanso durmiendo en la bodega. <\/div> <\/div> <\/div> <div class=\"cycloneslider-slide cycloneslider-slide-image\" > <img src=\"https:\/\/www.familialuiscanas.com\/web\/wp-content\/uploads\/2015\/01\/slide-club3.jpg\" alt=\"\" title=\"\" \/> <div class=\"cycloneslider-caption\"> <div class=\"cycloneslider-caption-title\"><\/div> <div class=\"cycloneslider-caption-description\">Utiliza nuestra sala de reuniones para una jornada de trabajo diferente, d\u00e9jate seducir por un ambiente e instalaciones \u00f3ptimas para obtener el m\u00e1ximo rendimiento.<\/div> <\/div> <\/div> <div class=\"cycloneslider-slide cycloneslider-slide-image\" > <img src=\"https:\/\/www.familialuiscanas.com\/web\/wp-content\/uploads\/2015\/01\/slide-club4.jpg\" alt=\"\" title=\"\" \/> <div class=\"cycloneslider-caption\"> <div class=\"cycloneslider-caption-title\"><\/div> <div class=\"cycloneslider-caption-description\">Utiliza nuestra sala de reuniones para una jornada de trabajo diferente, d\u00e9jate seducir por un ambiente e instalaciones \u00f3ptimas para obtener el m\u00e1ximo rendimiento.<\/div> <\/div> <\/div> <\/div> <a href=\"#\" class=\"cycloneslider-prev\"> <span class=\"arrow\"><\/span> <\/a> <a href=\"#\" class=\"cycloneslider-next\"> <span class=\"arrow\"><\/span> <\/a> <\/div>\n<h2>\u00bfQuieres formar parte\u00a0 de nuestra familia?<\/h2>\n<p>Los buenos vinos nacen para ser disfrutados y compartidos, para hablar de ellos. Ahora desde nuestro club te invitamos a sentir y vivir una maravillosa experiencia, disfrutando de ellos en nuestra bodega.<br \/>\nTe invitamos a que formes parte de nuestra familia y de este maravilloso mundo, sintiendo la pasi\u00f3n con la que durante generaciones lo hemos hecho en Luis Ca\u00f1as.<br \/>\nSi disfrutas con nuestros vinos, ahora puedes acercarte y vivir de primera mano y m\u00e1s profundamente todo lo que rodea a nuestros vi\u00f1edos y a cada rinc\u00f3n de la bodega, entre los que se encuentran los espacios que hemos reservado en exclusiva para ti como miembro de nuestro club.<br \/>\nA partir de ahora, cuando hables de Luis Ca\u00f1as, hablar\u00e1s de tus vinos, de tu bodega, de tus espacios, ya que a partir de ahora ser\u00e1s parte de la familia.<\/p>\n<p>&nbsp;<\/p>\n<div class=\"row\">\n<div class=\"large-12 medium-12 columns\">\n<div class=\"large-4 medium-6 columns\">\n<p><a href=\"https:\/\/www.familialuiscanas.com\/web\/wp-content\/uploads\/2015\/01\/club-premium-cab.png\"><img loading=\"lazy\" class=\"alignnone size-full wp-image-69\" src=\"https:\/\/www.familialuiscanas.com\/web\/wp-content\/uploads\/2015\/01\/club-premium-cab.png\" alt=\"\" width=\"285\" height=\"292\" data-id=\"69\" \/><\/a><\/p>\n<p>M\u00e1s ventajas y el uso de nuestras instalaciones se abren a ti. Hemos seleccionado una gama de grandes vinos en su opci\u00f3n \u00c9lite o la gama de los vinos m\u00e1s exclusivos en la versi\u00f3n Top.<\/p>\n<p><a href=\"https:\/\/www.familialuiscanas.com\/web\/wp-content\/uploads\/2018\/12\/PREMIUM-1.jpg\"><img loading=\"lazy\" class=\"alignnone wp-image-1996 size-full\" src=\"https:\/\/www.familialuiscanas.com\/web\/wp-content\/uploads\/2018\/12\/PREMIUM-1.jpg\" alt=\"\" width=\"300\" height=\"873\" data-id=\"61\" srcset=\"https:\/\/www.familialuiscanas.com\/web\/wp-content\/uploads\/2018\/12\/PREMIUM-1.jpg 300w, https:\/\/www.familialuiscanas.com\/web\/wp-content\/uploads\/2018\/12\/PREMIUM-1-103x300.jpg 103w, https:\/\/www.familialuiscanas.com\/web\/wp-content\/uploads\/2018\/12\/PREMIUM-1-142x412.jpg 142w\" sizes=\"(max-width: 300px) 100vw, 300px\" \/><\/a><\/p>\n<\/div>\n<div class=\"large-4 medium-6 columns end\">\n<p><a href=\"https:\/\/www.familialuiscanas.com\/web\/wp-content\/uploads\/2015\/01\/club-barricas-cab.png\"><img loading=\"lazy\" class=\"alignnone wp-image-68 size-full\" src=\"https:\/\/www.familialuiscanas.com\/web\/wp-content\/uploads\/2015\/01\/club-barricas-cab.png\" alt=\"\" width=\"285\" height=\"292\" data-id=\"69\" \/><\/a><\/p>\n<p>Elige entre 3 opciones de vinos para que a trav\u00e9s de la suscripci\u00f3n al Club de Barricas puedas disfrutar de las mayores y m\u00e1s exclusivas ventajas. 240 botellas que llevar\u00e1n a tu empresa, a tu grupo de amigos<br \/>\no a ti a t\u00edtulo personal a vivir el mundo del vino de una forma que nunca imaginaste.<br \/>\nVen a tu bodega.<\/p>\n<p><a href=\"https:\/\/www.familialuiscanas.com\/web\/wp-content\/uploads\/2018\/12\/BARRICAS-1.jpg\"><img loading=\"lazy\" class=\"alignnone wp-image-1999 size-full\" src=\"https:\/\/www.familialuiscanas.com\/web\/wp-content\/uploads\/2018\/12\/BARRICAS-1.jpg\" alt=\"\" width=\"300\" height=\"873\" data-id=\"61\" srcset=\"https:\/\/www.familialuiscanas.com\/web\/wp-content\/uploads\/2018\/12\/BARRICAS-1.jpg 300w, https:\/\/www.familialuiscanas.com\/web\/wp-content\/uploads\/2018\/12\/BARRICAS-1-103x300.jpg 103w, https:\/\/www.familialuiscanas.com\/web\/wp-content\/uploads\/2018\/12\/BARRICAS-1-142x412.jpg 142w\" sizes=\"(max-width: 300px) 100vw, 300px\" \/><\/a><\/p>\n<\/div>\n<\/div>\n<\/div>\n<div class=\"row\">\n<div class=\"large-12 medium-12 columns\">\n<table id=\"comparativa\">\n<thead>\n<tr>\n<th width=\"518\"><\/th>\n<th width=\"157\">PREMIUM<\/th>\n<th width=\"165\">BARRICAS<\/th>\n<\/tr>\n<\/thead>\n<tbody>\n<tr>\n<td>Tarjeta de Socio<\/td>\n<td><a href=\"https:\/\/www.familialuiscanas.com\/web\/wp-content\/uploads\/2015\/01\/verdadero.png\"><img loading=\"lazy\" class=\"wp-image-89 aligncenter\" src=\"https:\/\/www.familialuiscanas.com\/web\/wp-content\/uploads\/2015\/01\/verdadero.png\" alt=\"verdadero\" width=\"24\" height=\"24\" \/><\/a><\/td>\n<td><a href=\"https:\/\/www.familialuiscanas.com\/web\/wp-content\/uploads\/2015\/01\/verdadero.png\"><img loading=\"lazy\" class=\"wp-image-89 aligncenter\" src=\"https:\/\/www.familialuiscanas.com\/web\/wp-content\/uploads\/2015\/01\/verdadero.png\" alt=\"verdadero\" width=\"24\" height=\"24\" \/><\/a><\/td>\n<\/tr>\n<tr>\n<td>Portes pagados *<\/td>\n<td><a href=\"https:\/\/www.familialuiscanas.com\/web\/wp-content\/uploads\/2015\/01\/verdadero.png\"><img loading=\"lazy\" class=\"wp-image-89 aligncenter\" src=\"https:\/\/www.familialuiscanas.com\/web\/wp-content\/uploads\/2015\/01\/verdadero.png\" alt=\"verdadero\" width=\"24\" height=\"24\" \/><\/a><\/td>\n<td><a href=\"https:\/\/www.familialuiscanas.com\/web\/wp-content\/uploads\/2015\/01\/verdadero.png\"><img loading=\"lazy\" class=\"wp-image-89 aligncenter\" src=\"https:\/\/www.familialuiscanas.com\/web\/wp-content\/uploads\/2015\/01\/verdadero.png\" alt=\"verdadero\" width=\"24\" height=\"24\" \/><\/a><\/td>\n<\/tr>\n<tr>\n<td>Opci\u00f3n de pertenecer a \u201cEl Rinc\u00f3n\u201d<\/td>\n<td>150 \u20ac<\/td>\n<td>S\/C<\/td>\n<\/tr>\n<tr>\n<td>Envi\u00f3 de revista de bodega<\/td>\n<td><a href=\"https:\/\/www.familialuiscanas.com\/web\/wp-content\/uploads\/2015\/01\/verdadero.png\"><img loading=\"lazy\" class=\"wp-image-89 aligncenter\" src=\"https:\/\/www.familialuiscanas.com\/web\/wp-content\/uploads\/2015\/01\/verdadero.png\" alt=\"verdadero\" width=\"24\" height=\"24\" \/><\/a><\/td>\n<td><a href=\"https:\/\/www.familialuiscanas.com\/web\/wp-content\/uploads\/2015\/01\/verdadero.png\"><img loading=\"lazy\" class=\"wp-image-89 aligncenter\" src=\"https:\/\/www.familialuiscanas.com\/web\/wp-content\/uploads\/2015\/01\/verdadero.png\" alt=\"verdadero\" width=\"24\" height=\"24\" \/><\/a><\/td>\n<\/tr>\n<tr>\n<td>Ofertas puntales de vinos<\/td>\n<td><a href=\"https:\/\/www.familialuiscanas.com\/web\/wp-content\/uploads\/2015\/01\/verdadero.png\"><img loading=\"lazy\" class=\"wp-image-89 aligncenter\" src=\"https:\/\/www.familialuiscanas.com\/web\/wp-content\/uploads\/2015\/01\/verdadero.png\" alt=\"verdadero\" width=\"24\" height=\"24\" \/><\/a><\/td>\n<td><a href=\"https:\/\/www.familialuiscanas.com\/web\/wp-content\/uploads\/2015\/01\/verdadero.png\"><img loading=\"lazy\" class=\"wp-image-89 aligncenter\" src=\"https:\/\/www.familialuiscanas.com\/web\/wp-content\/uploads\/2015\/01\/verdadero.png\" alt=\"verdadero\" width=\"24\" height=\"24\" \/><\/a><\/td>\n<\/tr>\n<tr>\n<td>Descuento en el resto de los vinos<\/td>\n<td><a href=\"https:\/\/www.familialuiscanas.com\/web\/wp-content\/uploads\/2015\/01\/verdadero.png\"><img loading=\"lazy\" class=\"wp-image-89 aligncenter\" src=\"https:\/\/www.familialuiscanas.com\/web\/wp-content\/uploads\/2015\/01\/verdadero.png\" alt=\"verdadero\" width=\"24\" height=\"24\" \/><\/a><\/td>\n<td><a href=\"https:\/\/www.familialuiscanas.com\/web\/wp-content\/uploads\/2015\/01\/verdadero.png\"><img loading=\"lazy\" class=\"wp-image-89 aligncenter\" src=\"https:\/\/www.familialuiscanas.com\/web\/wp-content\/uploads\/2015\/01\/verdadero.png\" alt=\"verdadero\" width=\"24\" height=\"24\" \/><\/a><\/td>\n<\/tr>\n<tr>\n<td>Env\u00edo de info por e-mail<\/td>\n<td><a href=\"https:\/\/www.familialuiscanas.com\/web\/wp-content\/uploads\/2015\/01\/verdadero.png\"><img loading=\"lazy\" class=\"wp-image-89 aligncenter\" src=\"https:\/\/www.familialuiscanas.com\/web\/wp-content\/uploads\/2015\/01\/verdadero.png\" alt=\"verdadero\" width=\"24\" height=\"24\" \/><\/a><\/td>\n<td><a href=\"https:\/\/www.familialuiscanas.com\/web\/wp-content\/uploads\/2015\/01\/verdadero.png\"><img loading=\"lazy\" class=\"wp-image-89 aligncenter\" src=\"https:\/\/www.familialuiscanas.com\/web\/wp-content\/uploads\/2015\/01\/verdadero.png\" alt=\"verdadero\" width=\"24\" height=\"24\" \/><\/a><\/td>\n<\/tr>\n<tr>\n<td>Visitas Gratis a Bodega<\/td>\n<td>2 visitas (m\u00e1ximo 8 pax)<\/td>\n<td>2 visitas (m\u00e1ximo 12 pax)<\/td>\n<\/tr>\n<tr>\n<td>Posibilidad de comida en Bodega **<\/td>\n<td><a href=\"https:\/\/www.familialuiscanas.com\/web\/wp-content\/uploads\/2015\/01\/verdadero.png\"><img loading=\"lazy\" class=\"wp-image-89 aligncenter\" src=\"https:\/\/www.familialuiscanas.com\/web\/wp-content\/uploads\/2015\/01\/verdadero.png\" alt=\"verdadero\" width=\"24\" height=\"24\" \/><\/a> (m\u00ednimo 6 pax)<\/td>\n<td><a href=\"https:\/\/www.familialuiscanas.com\/web\/wp-content\/uploads\/2015\/01\/verdadero.png\"><img loading=\"lazy\" class=\"wp-image-89 aligncenter\" src=\"https:\/\/www.familialuiscanas.com\/web\/wp-content\/uploads\/2015\/01\/verdadero.png\" alt=\"verdadero\" width=\"24\" height=\"24\" \/><\/a> (m\u00ednimo 6 pax)<\/td>\n<\/tr>\n<tr>\n<td>Preferencia en el uso de instalaciones sociales:<br \/>\nSala reuniones **<br \/>\nHabitaciones **<\/td>\n<td><a href=\"https:\/\/www.familialuiscanas.com\/web\/wp-content\/uploads\/2015\/01\/verdadero.png\"><img loading=\"lazy\" class=\"wp-image-89 aligncenter\" src=\"https:\/\/www.familialuiscanas.com\/web\/wp-content\/uploads\/2015\/01\/verdadero.png\" alt=\"verdadero\" width=\"24\" height=\"24\" \/><\/a><\/td>\n<td><a href=\"https:\/\/www.familialuiscanas.com\/web\/wp-content\/uploads\/2015\/01\/verdadero.png\"><img loading=\"lazy\" class=\"wp-image-89 aligncenter\" src=\"https:\/\/www.familialuiscanas.com\/web\/wp-content\/uploads\/2015\/01\/verdadero.png\" alt=\"verdadero\" width=\"24\" height=\"24\" \/><\/a><\/td>\n<\/tr>\n<tr>\n<td>Posibilidad de personalizaci\u00f3n en la contra etiqueta<\/td>\n<td><a href=\"https:\/\/www.familialuiscanas.com\/web\/wp-content\/uploads\/2015\/01\/falso.png\"><img loading=\"lazy\" class=\"wp-image-88 aligncenter\" src=\"https:\/\/www.familialuiscanas.com\/web\/wp-content\/uploads\/2015\/01\/falso.png\" alt=\"\" width=\"24\" height=\"24\" \/><\/a><\/td>\n<td><a href=\"https:\/\/www.familialuiscanas.com\/web\/wp-content\/uploads\/2015\/01\/verdadero.png\"><img loading=\"lazy\" class=\"wp-image-89 aligncenter\" src=\"https:\/\/www.familialuiscanas.com\/web\/wp-content\/uploads\/2015\/01\/verdadero.png\" alt=\"verdadero\" width=\"24\" height=\"24\" \/><\/a><\/td>\n<\/tr>\n<\/tbody>\n<\/table>\n<p>* Portes pagados de un solo env\u00edo y a un mismo destino dentro de Pen\u00ednsula o Baleares. Para otras opciones consultar.<br \/>\n** Consultar condiciones.<\/p>\n<p><strong>Siendo socio del Club Luis Ca\u00f1as podr\u00e1s beneficiarte de las condiciones del Club Amaren y Club Dominio de Cair.<\/strong><\/p>\n<\/div>\n<\/div>\n","protected":false},"excerpt":{"rendered":"<p>\u00bfQuieres formar parte\u00a0 de nuestra familia? Los buenos vinos nacen para ser disfrutados y compartidos, para hablar de ellos. Ahora desde nuestro club te invitamos a sentir y vivir una maravillosa experiencia, disfrutando de ellos en nuestra bodega. Te invitamos a que formes parte de nuestra familia y de este maravilloso mundo, sintiendo la pasi\u00f3n [&hellip;]<\/p>\n","protected":false},"author":1,"featured_media":0,"parent":0,"menu_order":0,"comment_status":"closed","ping_status":"closed","template":"page-templates\/full-width.php","meta":[],"_links":{"self":[{"href":"https:\/\/www.familialuiscanas.com\/web\/wp-json\/wp\/v2\/pages\/48"}],"collection":[{"href":"https:\/\/www.familialuiscanas.com\/web\/wp-json\/wp\/v2\/pages"}],"about":[{"href":"https:\/\/www.familialuiscanas.com\/web\/wp-json\/wp\/v2\/types\/page"}],"author":[{"embeddable":true,"href":"https:\/\/www.familialuiscanas.com\/web\/wp-json\/wp\/v2\/users\/1"}],"replies":[{"embeddable":true,"href":"https:\/\/www.familialuiscanas.com\/web\/wp-json\/wp\/v2\/comments?post=48"}],"version-history":[{"count":53,"href":"https:\/\/www.familialuiscanas.com\/web\/wp-json\/wp\/v2\/pages\/48\/revisions"}],"predecessor-version":[{"id":2104,"href":"https:\/\/www.familialuiscanas.com\/web\/wp-json\/wp\/v2\/pages\/48\/revisions\/2104"}],"wp:attachment":[{"href":"https:\/\/www.familialuiscanas.com\/web\/wp-json\/wp\/v2\/media?parent=48"}],"curies":[{"name":"wp","href":"https:\/\/api.w.org\/{rel}","templated":true}]}}