{"id":391,"date":"2015-09-04T10:52:12","date_gmt":"2015-09-04T10:52:12","guid":{"rendered":"http:\/\/www.familialuiscanas.com\/web\/?page_id=391"},"modified":"2020-12-30T20:07:37","modified_gmt":"2020-12-30T20:07:37","slug":"aviso-legal","status":"publish","type":"page","link":"https:\/\/www.familialuiscanas.com\/web\/aviso-legal\/","title":{"rendered":"Aviso legal"},"content":{"rendered":"<div>\n<div id=\"editorhtml\">\n<p><strong>BODEGAS LUIS CA\u00d1AS, S.A.<\/strong> provista de CIF A-01236785, inscrita en el Registro Mercantil de Alava al Tomo 767 del Archivo, Folio 144, Hoja VI-5252.<\/p>\n<p>Direcci\u00f3n: Ctra. Ba\u00f1os de Ebro s\/n &#8211; 01307<br \/>\nLocalidad: Villabuena<br \/>\nProvincia: \u00c1lava<br \/>\ne-mail: info@luiscanas.com<\/p>\n<p>La utilizaci\u00f3n de los servicios de esta web supone la aceptaci\u00f3n de las siguientes Condiciones de Uso.<\/p>\n<p>Este sitio web contiene materiales preparados por <strong>Bodegas Luis Ca\u00f1as<\/strong> con fines \u00fanicamente informativos. El acceso a estos materiales no establece ni implica relaci\u00f3n alguna entre la Bodega y los potenciales clientes, ni cualquier otro tipo de relaci\u00f3n profesional entre <strong>Bodegas Luis Ca\u00f1as<\/strong> y el usuario de este sitio web. Del mismo modo, estos materiales pueden ser modificados, desarrollados o actualizados sin notificaci\u00f3n previa.<\/p>\n<p>&nbsp;<\/p>\n<h2>Reserva de derechos.<\/h2>\n<p>La totalidad del contenido de este sitio web, ya sean textos, im\u00e1genes, sonido, ficheros, marcas, logotipos, combinaciones de colores, o cualquier otro elemento, su dise\u00f1o gr\u00e1fico, su estructura y su c\u00f3digo fuente y los programas de ordenador necesarios para su funcionamiento, acceso y utilizaci\u00f3n, est\u00e1n protegidos por derechos de propiedad industrial e intelectual titularidad de <strong>Bodegas Luis Ca\u00f1as<\/strong> o, en su caso, de sus licenciantes y el usuario de este sitio web debe respetarlos.<\/p>\n<p>Los usuarios de Internet que accedan a este web pueden visualizar la informaci\u00f3n contenida en el mismo y efectuar downloads o reproducciones privadas en su sistema inform\u00e1tico, siempre que los elementos reproducidos no sean cedidos a terceros o se instalen en un servidor conectado a Internet o a una red local. La distribuci\u00f3n, modificaci\u00f3n, cesi\u00f3n, comunicaci\u00f3n p\u00fablica y cualquier otro acto que no haya sido expresamente autorizado por el titular de los derechos de explotaci\u00f3n quedan prohibidos. En caso de duda puede solicitar informaci\u00f3n a la siguiente direcci\u00f3n de correo electr\u00f3nico: <strong><a href=\"mailto:baja@luiscanas.com\">baja@luiscanas.com<\/a><\/strong><\/p>\n<p>&nbsp;<\/p>\n<h2>Limitaci\u00f3n de Responsabilidad<\/h2>\n<p>Los enlaces o links que contiene este sitio web pueden conducir al usuario a otros sitios y p\u00e1ginas web gestionados por terceros, sobre las que <strong>Bodegas Luis Ca\u00f1as<\/strong> no ejerce ning\u00fan tipo de control por lo que declina cualquier responsabilidad respecto a la informaci\u00f3n que se halle fuera de este web y no gestionada directamente por nuestro webmaster.<\/p>\n<p>La funci\u00f3n de los links que puedan aparecer en esta p\u00e1gina es exclusivamente la de informar al usuario sobre la existencia de otras fuentes de informaci\u00f3n en Internet. En ning\u00fan caso dichos links suponen una sugerencia, invitaci\u00f3n o recomendaci\u00f3n para la visita de los lugares de destino por lo que <strong>Bodegas Luis Ca\u00f1as<\/strong> no ser\u00e1 responsable del resultado obtenido a trav\u00e9s de dichos enlaces.<\/p>\n<p><strong>Bodegas Luis Ca\u00f1as<\/strong> adopta medidas de seguridad adecuadas para detectar la existencia de virus, pero no puede garantizar la ausencia de virus u otros elementos lesivos que pudieran causar da\u00f1os o alteraciones en el sistema inform\u00e1tico en los documentos electr\u00f3nicos o en los ficheros del usuario de este sitio web. En consecuencia, <strong>Bodegas Luis Ca\u00f1as<\/strong> no responde por los da\u00f1os y perjuicios que tales elementos pudieran ocasionar al usuario o a terceros.<\/p>\n<p>&nbsp;<\/p>\n<h2>Pol\u00edtica de Protecci\u00f3n de Datos<\/h2>\n<p>Algunos de los servicios incluidos en este sitio web exigen la recogida de datos personales que se consideran imprescindibles para la prestaci\u00f3n de los mismos por <strong>Bodegas Luis Ca\u00f1as<\/strong>. Durante el proceso de recogida de los datos, el usuario ser\u00e1 informado del car\u00e1cter necesario de los mismos. Si no se facilitan estos datos obligatorios, no ser\u00e1 posible la prestaci\u00f3n de tales servicios.<\/p>\n<p>La informaci\u00f3n que recibe <strong>Bodegas Luis Ca\u00f1as<\/strong> de los usuarios de este sitio web, a trav\u00e9s de los diferentes formularios (consultas on-line, alta de socios o env\u00edo de curricula) es objeto de tratamiento automatizado y se incorporan a ficheros de su titularidad, siendo asimismo <strong>Bodegas Luis Ca\u00f1as<\/strong> la entidad responsable de dichos ficheros.<\/p>\n<p><strong>Bodegas Luis Ca\u00f1as<\/strong> tratar\u00e1 los datos de forma confidencial y exclusivamente con el objetivo de gestionar la relaci\u00f3n con sus clientes y promocionar las actividades de la bodega.<\/p>\n<p>El env\u00edo de correos electr\u00f3nicos o la cumplimentaci\u00f3n de formularios incluidos en el presente sitio web implica el consentimiento expreso del usuario a la inclusi\u00f3n de sus datos de car\u00e1cter personal en los ficheros referidos anteriormente y su consentimiento a que sus datos sean utilizados para el env\u00edo de comunicaciones comerciales de las empresas de la familia por correo electr\u00f3nico o por cualquier otro medio.<\/p>\n<p>En relaci\u00f3n con los datos recabados en la forma prevista en los apartados anteriores, el usuario podr\u00e1 ejercitar los derechos reconocidos por la ley y, en particular, los derechos de acceso, rectificaci\u00f3n o cancelaci\u00f3n de datos y oposici\u00f3n, si resultase pertinente, as\u00ed como el derecho de revocar el consentimiento prestado para la cesi\u00f3n de sus datos. Tales derechos podr\u00e1n ser ejercitados por el usuario o, en su caso, por quien lo represente, mediante solicitud escrita y firmada, dirigida a la siguiente direcci\u00f3n: <strong>Bodegas Luis Ca\u00f1as S.A Ctra. Samaniego, 10 C.P: 01307 Villabuena (\u00c1lava)<\/strong>. La solicitud deber\u00e1 contener los siguientes datos: nombre y apellidos del usuario, domicilio a efectos de notificaciones, fotocopia del Documento Nacional de Identidad o pasaporte, y contenido concreto del derecho ejercitado.<\/p>\n<p><strong>Bodegas Luis Ca\u00f1as <\/strong>no utiliza cookies para acceder a informaci\u00f3n relativa a los usuarios del sitio web. Sin embargo, se reserva el derecho de modificar su criterio respecto al uso de cookies.<\/p>\n<p><strong>Bodegas Luis Ca\u00f1as<\/strong> guardar\u00e1 los datos de car\u00e1cter personal que haya recabado, y adoptar\u00e1 las medidas necesarias para evitar su alteraci\u00f3n, p\u00e9rdida, tratamiento o acceso no autorizados. Bodegas Luis Ca\u00f1as cumplir\u00e1 estos deberes de acuerdo con lo establecido por la normativa aplicable.<\/p>\n<p>&nbsp;<\/p>\n<p>&nbsp;<\/p>\n<\/div>\n<\/div>\n","protected":false},"excerpt":{"rendered":"<p>BODEGAS LUIS CA\u00d1AS, S.A. provista de CIF A-01236785, inscrita en el Registro Mercantil de Alava al Tomo 767 del Archivo, Folio 144, Hoja VI-5252. Direcci\u00f3n: Ctra. Ba\u00f1os de Ebro s\/n &#8211; 01307 Localidad: Villabuena Provincia: \u00c1lava e-mail: info@luiscanas.com La utilizaci\u00f3n de los servicios de esta web supone la aceptaci\u00f3n de las siguientes Condiciones de Uso. [&hellip;]<\/p>\n","protected":false},"author":1,"featured_media":0,"parent":0,"menu_order":0,"comment_status":"closed","ping_status":"closed","template":"page-templates\/full-width.php","meta":[],"_links":{"self":[{"href":"https:\/\/www.familialuiscanas.com\/web\/wp-json\/wp\/v2\/pages\/391"}],"collection":[{"href":"https:\/\/www.familialuiscanas.com\/web\/wp-json\/wp\/v2\/pages"}],"about":[{"href":"https:\/\/www.familialuiscanas.com\/web\/wp-json\/wp\/v2\/types\/page"}],"author":[{"embeddable":true,"href":"https:\/\/www.familialuiscanas.com\/web\/wp-json\/wp\/v2\/users\/1"}],"replies":[{"embeddable":true,"href":"https:\/\/www.familialuiscanas.com\/web\/wp-json\/wp\/v2\/comments?post=391"}],"version-history":[{"count":5,"href":"https:\/\/www.familialuiscanas.com\/web\/wp-json\/wp\/v2\/pages\/391\/revisions"}],"predecessor-version":[{"id":3237,"href":"https:\/\/www.familialuiscanas.com\/web\/wp-json\/wp\/v2\/pages\/391\/revisions\/3237"}],"wp:attachment":[{"href":"https:\/\/www.familialuiscanas.com\/web\/wp-json\/wp\/v2\/media?parent=391"}],"curies":[{"name":"wp","href":"https:\/\/api.w.org\/{rel}","templated":true}]}}