{"id":3228,"date":"2020-12-30T19:44:33","date_gmt":"2020-12-30T19:44:33","guid":{"rendered":"https:\/\/www.familialuiscanas.com\/web\/?page_id=3228"},"modified":"2022-01-10T11:14:47","modified_gmt":"2022-01-10T11:14:47","slug":"aviso-cookies","status":"publish","type":"page","link":"https:\/\/www.familialuiscanas.com\/web\/aviso-cookies\/","title":{"rendered":"Aviso de cookies"},"content":{"rendered":"<p><!-- \n\n<h2>\u00bfQU\u00c9 SON LAS COOKIES?<\/h2>\n\n\n\n\n<div>\n\n\n<div id=\"editorhtml\">\n\n\n<div id=\"bloque-texto\">\n\nUna cookie es un archivo o dispositivo que se descarga en el equipo terminal de un usuario con la finalidad de almacenar datos que podr\u00e1n ser actualizados y recuperados por la entidad responsable de su instalaci\u00f3n. Es decir, es un fichero que se descarga en su ordenador al acceder a determinadas p\u00e1ginas web. Las cookies permiten a una p\u00e1gina web, entre otras cosas, almacenar y recuperar informaci\u00f3n sobre los h\u00e1bitos de navegaci\u00f3n de un usuario o de su equipo y, dependiendo de la informaci\u00f3n que contengan y de la forma en que utilice su equipo, pueden utilizarse para reconocer al usuario.\n\nSus principales funciones son:\n\n\n<ul>\n \t\n\n<li>Llevar el control de usuarios: cuando un usuario introduce su nombre de usuario y contrase\u00f1a, se almacena una cookie para que no tenga que estar introduci\u00e9ndolas para cada p\u00e1gina del servidor. Sin embargo, una cookie no identifica solo a una persona, sino a una combinaci\u00f3n de computador \u2013 navegador \u2013 usuario.<\/li>\n\n\n<\/ul>\n\n\n\n\n<ul>\n \t\n\n<li>Conseguir informaci\u00f3n sobre los h\u00e1bitos de navegaci\u00f3n del usuario, e intentos de spyware (programas esp\u00eda), por parte de agencias de publicidad y otros. Esto puede causar problemas de privacidad y es una de las razones por la que las cookies tienen sus detractores.<\/li>\n\n\n<\/ul>\n\n\nExisten diferentes tipos de cookies en funci\u00f3n, sobre todo, de la finalidad para la que son utilizadas, as\u00ed se distinguen, entre otras las siguientes:\n\nCookies de an\u00e1lisis: estas cookies se utilizan para llevar a cabo un an\u00e1lisis de los comportamientos y acciones de los usuarios de la p\u00e1gina web as\u00ed como para la elaboraci\u00f3n de perfiles de navegaci\u00f3n con el fin de realizar mejoras t\u00e9cnicas de funcionamiento y de servicio.\n\nCookies publicitarias: permiten una gesti\u00f3n eficiente de espacios publicitarios en base a una serie de criterios, por ejemplo, verificar si el usuario ha tenido ya acceso o no a una noticia para proceder a actualizarla con una otra nueva.\n\nCookies de publicidad comportamental: estas cookies se encargan de almacenar informaci\u00f3n del propio comportamiento de los usuarios centr\u00e1ndose en sus h\u00e1bitos de navegaci\u00f3n. Esto permite establecer perfiles de usuario en funci\u00f3n de su comportamiento y utilizarlos para personalizar la publicidad presentada.\n\nSi el usuario desea obtener m\u00e1s informaci\u00f3n sobre las cookies puede consultar el siguiente sitio web \u00a0<a href=\"https:\/\/www.cookieserve.com\/\">http:\/\/www.cookieserve.com<\/a>\n\n&nbsp;\n\n\n<h2>\u00bfQU\u00c9 TIPO DE COOKIES UTILIZA ESTA P\u00c1GINA WEB?<\/h2>\n\n\nLa presente p\u00e1gina web est\u00e1 utilizando cookies que permiten facilitar al usuario el uso y la navegaci\u00f3n a trav\u00e9s de la misma, garantizar el acceso a determinados servicios, as\u00ed como mejorar la configuraci\u00f3n funcional de la web.\nConcretamente, esta p\u00e1gina web utiliza las siguientes cookies:\n\n\n<div dir=\"ltr\" lang=\"es\">\n\nNecesarias (9)\n\nLas cookies necesarias ayudan a hacer una p\u00e1gina web utilizable activando funciones b\u00e1sicas como la navegaci\u00f3n en la p\u00e1gina y el acceso a \u00e1reas seguras de la p\u00e1gina web. La p\u00e1gina web no puede funcionar adecuadamente sin estas cookies.\n\n\n<table>\n\n\n<thead>\n\n\n<tr>\n\n\n<th dir=\"ltr\" scope=\"col\">Nombre<\/th>\n\n\n\n\n<th dir=\"ltr\" scope=\"col\">Proveedor<\/th>\n\n\n\n\n<th dir=\"ltr\" scope=\"col\">Prop\u00f3sito<\/th>\n\n\n\n\n<th dir=\"ltr\" scope=\"col\">Caducidad<\/th>\n\n\n\n\n<th dir=\"ltr\" scope=\"col\">Tipo<\/th>\n\n\n<\/tr>\n\n\n<\/thead>\n\n\n\n\n<tbody>\n\n\n<tr>\n\n\n<td title=\"cookieControl\">cookieControl<\/td>\n\n\n\n\n<td>www.familialuiscanas.com<\/td>\n\n\n\n\n<td title=\"Almacena el estado de consentimiento de cookies del usuario para el dominio actual\">Almacena el estado de consentimiento de cookies del usuario para el dominio actual<\/td>\n\n\n\n\n<td title=\"1 a\u00f1o\">1 a\u00f1o<\/td>\n\n\n\n\n<td title=\"HTTP Cookie\">HTTP Cookie<\/td>\n\n\n<\/tr>\n\n\n\n\n<tr>\n\n\n<td title=\"CookieConsent\">cookieControlPrefs<\/td>\n\n\n\n\n<td>www.familialuiscanas.com<\/td>\n\n\n\n\n<td title=\"Almacena el estado de consentimiento de cookies del usuario para el dominio actual\">Almacena lso distintos tipos de cookie que el usuario ha permitido almacenar<\/td>\n\n\n\n\n<td title=\"1 a\u00f1o\">1 a\u00f1o<\/td>\n\n\n\n\n<td title=\"HTTP Cookie\">HTTP Cookie<\/td>\n\n\n<\/tr>\n\n\n\n\n<tr>\n\n\n<td title=\"pll_language\">pll_language<\/td>\n\n\n\n\n<td>www.familialuiscanas.com<\/td>\n\n\n\n\n<td title=\"Esta cookie se utiliza para determinar el idioma preferido del visitante y configura el idioma correspondientemente en el sitio web, si es posible.\">Esta cookie se utiliza para determinar el idioma preferido del visitante y configura el idioma correspondientemente en el sitio web, si es posible.<\/td>\n\n\n\n\n<td title=\"1 a\u00f1o\">1 a\u00f1o<\/td>\n\n\n\n\n<td title=\"HTTP Cookie\">HTTP Cookie<\/td>\n\n\n<\/tr>\n\n\n\n\n<tr>\n\n\n<td title=\"pll_language\">PHPSESSID<\/td>\n\n\n\n\n<td>www.familialuiscanas.com<\/td>\n\n\n\n\n<td title=\"Esta cookie se utiliza para determinar el idioma preferido del visitante y configura el idioma correspondientemente en el sitio web, si es posible.\">Conserva los estados de los usuarios en todas las peticiones de la p\u00e1gina.<\/td>\n\n\n\n\n<td title=\"1 a\u00f1o\">Sesion<\/td>\n\n\n\n\n<td title=\"HTTP Cookie\">HTTP Cookie<\/td>\n\n\n<\/tr>\n\n\n\n\n<tr>\n\n\n<td title=\"pll_language\">woocommerce_cart_hash<\/td>\n\n\n\n\n<td>www.familialuiscanas.com<\/td>\n\n\n\n\n<td title=\"Esta cookie se utiliza para determinar el idioma preferido del visitante y configura el idioma correspondientemente en el sitio web, si es posible.\">Ayuda a WooCommerce a determinar cu\u00e1ndo cambian los datos o el contenido del carrito.<\/td>\n\n\n\n\n<td title=\"1 a\u00f1o\">Sesion<\/td>\n\n\n\n\n<td title=\"HTTP Cookie\">HTTP Cookie<\/td>\n\n\n<\/tr>\n\n\n\n\n<tr>\n\n\n<td title=\"pll_language\">woocommerce_items_in_cart<\/td>\n\n\n\n\n<td>www.familialuiscanas.com<\/td>\n\n\n\n\n<td title=\"Esta cookie se utiliza para determinar el idioma preferido del visitante y configura el idioma correspondientemente en el sitio web, si es posible.\">Ayuda a WooCommerce a determinar cu\u00e1ndo cambian los datos o el contenido del carrito.<\/td>\n\n\n\n\n<td title=\"1 a\u00f1o\">Sesion<\/td>\n\n\n\n\n<td title=\"HTTP Cookie\">HTTP Cookie<\/td>\n\n\n<\/tr>\n\n\n\n\n<tr>\n\n\n<td title=\"pll_language\">wp_woocommerce_session_<\/td>\n\n\n\n\n<td>www.familialuiscanas.com<\/td>\n\n\n\n\n<td title=\"Esta cookie se utiliza para determinar el idioma preferido del visitante y configura el idioma correspondientemente en el sitio web, si es posible.\">Contiene un c\u00f3digo \u00fanico para cada cliente para que sepa d\u00f3nde encontrar los datos del carrito en la base de datos de cada cliente.<\/td>\n\n\n\n\n<td title=\"1 a\u00f1o\">2 d\u00edas<\/td>\n\n\n\n\n<td title=\"HTTP Cookie\">HTTP Cookie<\/td>\n\n\n<\/tr>\n\n\n\n\n<tr>\n\n\n<td title=\"pll_language\">WordPress_logged_in<\/td>\n\n\n\n\n<td>www.familialuiscanas.com<\/td>\n\n\n\n\n<td title=\"Esta cookie se utiliza para determinar el idioma preferido del visitante y configura el idioma correspondientemente en el sitio web, si es posible.\">Esta cookies es necesaria para WordPress. Esta cookie recuerda si est\u00e1s autentificado en el site mientras navegas entre las p\u00e1ginas.<\/td>\n\n\n\n\n<td title=\"1 a\u00f1o\">Sesion<\/td>\n\n\n\n\n<td title=\"HTTP Cookie\">HTTP Cookie<\/td>\n\n\n<\/tr>\n\n\n\n\n<tr>\n\n\n<td title=\"pll_language\">WordPress_test_cookie<\/td>\n\n\n\n\n<td>www.familialuiscanas.com<\/td>\n\n\n\n\n<td title=\"Esta cookie se utiliza para determinar el idioma preferido del visitante y configura el idioma correspondientemente en el sitio web, si es posible.\">Esta cookie se usa para que el gestor de contenidos WordPress compruebe si el navegador tiene las cookies activadas.<\/td>\n\n\n\n\n<td title=\"1 a\u00f1o\">Sesion<\/td>\n\n\n\n\n<td title=\"HTTP Cookie\">HTTP Cookie<\/td>\n\n\n<\/tr>\n\n\n<\/tbody>\n\n\n<\/table>\n\n\n<\/div>\n\n\n\n\n<div dir=\"ltr\" lang=\"es\">\n\nEstad\u00edstica (3)\n\nLas cookies estad\u00edsticas ayudan a los propietarios de p\u00e1ginas web a comprender c\u00f3mo interact\u00faan los visitantes con las p\u00e1ginas web reuniendo y proporcionando informaci\u00f3n de forma an\u00f3nima.\n\n\n<table>\n\n<colgroup> \n\n<col \/> \n\n<col \/> \n\n<col \/> \n\n<col \/> \n\n<col \/><\/colgroup>\n\n\n\n\n<thead>\n\n\n<tr>\n\n\n<th dir=\"ltr\" scope=\"col\">Nombre<\/th>\n\n\n\n\n<th dir=\"ltr\" scope=\"col\">Proveedor<\/th>\n\n\n\n\n<th dir=\"ltr\" scope=\"col\">Prop\u00f3sito<\/th>\n\n\n\n\n<th dir=\"ltr\" scope=\"col\">Caducidad<\/th>\n\n\n\n\n<th dir=\"ltr\" scope=\"col\">Tipo<\/th>\n\n\n<\/tr>\n\n\n<\/thead>\n\n\n\n\n<tbody>\n\n\n<tr>\n\n\n<td title=\"_ga\">_ga<\/td>\n\n\n\n\n<td>Google Analytics<\/td>\n\n\n\n\n<td title=\"Registra una identificaci\u00f3n \u00fanica que se utiliza para generar datos estad\u00edsticos acerca de c\u00f3mo utiliza el visitante el sitio web.\">Registra una identificaci\u00f3n \u00fanica que se utiliza para generar datos estad\u00edsticos acerca de c\u00f3mo utiliza el visitante el sitio web.<\/td>\n\n\n\n\n<td title=\"2 a\u00f1os\">2 a\u00f1os<\/td>\n\n\n\n\n<td title=\"HTTP Cookie\">HTTP Cookie<\/td>\n\n\n<\/tr>\n\n\n\n\n<tr>\n\n\n<td title=\"_gat\">_gat<\/td>\n\n\n\n\n<td>Google Analytics<\/td>\n\n\n\n\n<td title=\"Utilizado por Google Analytics para controlar la tasa de peticiones\">Utilizado por Google Analytics para controlar la tasa de peticiones<\/td>\n\n\n\n\n<td title=\"1 d\u00eda\">1 d\u00eda<\/td>\n\n\n\n\n<td title=\"HTTP Cookie\">HTTP Cookie<\/td>\n\n\n<\/tr>\n\n\n\n\n<tr>\n\n\n<td title=\"_gid\">_gid<\/td>\n\n\n\n\n<td>Google Analytics<\/td>\n\n\n\n\n<td title=\" Registra una identificaci\u00f3n \u00fanica que se utiliza para generar datos estad\u00edsticos acerca de c\u00f3mo utiliza el visitante el sitio web.\">Registra una identificaci\u00f3n \u00fanica que se utiliza para generar datos estad\u00edsticos acerca de c\u00f3mo utiliza el visitante el sitio web.<\/td>\n\n\n\n\n<td title=\"1 d\u00eda\">1 d\u00eda<\/td>\n\n\n\n\n<td title=\"HTTP Cookie\">HTTP Cookie<\/td>\n\n\n<\/tr>\n\n\n<\/tbody>\n\n\n<\/table>\n\n\n<\/div>\n\n\n<\/div>\n\n\n<\/div>\n\n\n<\/div>\n\n\n&nbsp;\n\n&nbsp; --><\/p>\n<p><script id=\"CookieDeclaration\" src=\"https:\/\/consent.cookiebot.com\/4caba2ba-9889-4343-950b-ed1fd1e1a104\/cd.js\" type=\"text\/javascript\" async><\/script><\/p>\n","protected":false},"excerpt":{"rendered":"","protected":false},"author":1,"featured_media":0,"parent":0,"menu_order":0,"comment_status":"closed","ping_status":"closed","template":"page-templates\/full-width.php","meta":[],"_links":{"self":[{"href":"https:\/\/www.familialuiscanas.com\/web\/wp-json\/wp\/v2\/pages\/3228"}],"collection":[{"href":"https:\/\/www.familialuiscanas.com\/web\/wp-json\/wp\/v2\/pages"}],"about":[{"href":"https:\/\/www.familialuiscanas.com\/web\/wp-json\/wp\/v2\/types\/page"}],"author":[{"embeddable":true,"href":"https:\/\/www.familialuiscanas.com\/web\/wp-json\/wp\/v2\/users\/1"}],"replies":[{"embeddable":true,"href":"https:\/\/www.familialuiscanas.com\/web\/wp-json\/wp\/v2\/comments?post=3228"}],"version-history":[{"count":11,"href":"https:\/\/www.familialuiscanas.com\/web\/wp-json\/wp\/v2\/pages\/3228\/revisions"}],"predecessor-version":[{"id":3830,"href":"https:\/\/www.familialuiscanas.com\/web\/wp-json\/wp\/v2\/pages\/3228\/revisions\/3830"}],"wp:attachment":[{"href":"https:\/\/www.familialuiscanas.com\/web\/wp-json\/wp\/v2\/media?parent=3228"}],"curies":[{"name":"wp","href":"https:\/\/api.w.org\/{rel}","templated":true}]}}