{"id":1614,"date":"2018-02-21T20:15:10","date_gmt":"2018-02-21T20:15:10","guid":{"rendered":"http:\/\/www.familialuiscanas.com\/web\/?page_id=1614"},"modified":"2020-10-28T10:58:31","modified_gmt":"2020-10-28T10:58:31","slug":"cair","status":"publish","type":"page","link":"https:\/\/www.familialuiscanas.com\/web\/cair\/","title":{"rendered":"Cair"},"content":{"rendered":"<div class=\"large-12 columns no-padding\" style=\"text-align: center;\">\n<p><a id=\"botella\" class=\"vinos primero\" href=\"https:\/\/www.familialuiscanas.com\/web\/categoria-producto\/cair\/cair-cuvee\/\"><span class=\"nombre-vino\">Cair Cuv\u00e9e<\/span><img loading=\"lazy\" src=\"https:\/\/www.dominiodecair.com\/blog\/wp-content\/uploads\/2014\/10\/CAIR-CUVEE1.png\" alt=\"cuvee\" width=\"150\" height=\"600\" \/><\/a><\/p>\n<p><a id=\"botella\" class=\"vinos\" href=\"https:\/\/www.familialuiscanas.com\/web\/categoria-producto\/cair\/seleccion-la-aguilera\/\"><span class=\"nombre-vino\">Seleccion<br \/>\nLa Aguilera<\/span><img loading=\"lazy\" src=\"https:\/\/www.familialuiscanas.com\/web\/wp-content\/uploads\/2020\/04\/seleccion-aguilera.png\" alt=\"botella selecci\u00f3n la aguilera\" width=\"150\" height=\"600\" \/><\/a><\/p>\n<p><a id=\"botella\" class=\"vinos\" href=\"https:\/\/www.familialuiscanas.com\/web\/categoria-producto\/cair\/tierras-de-cair\/\"><span class=\"nombre-vino\">Tierras de Cair<\/span><img loading=\"lazy\" src=\"https:\/\/www.dominiodecair.com\/blog\/wp-content\/uploads\/2014\/10\/cair-tierras.png\" alt=\"tierras\" width=\"150\" height=\"600\" \/><\/a><\/p>\n<p><a id=\"botella\" class=\"vinos\" href=\"https:\/\/www.familialuiscanas.com\/web\/categoria-producto\/cair\/cruz-del-pendon\/\"><span class=\"nombre-vino\">Cruz<br \/>\ndel Pend\u00f3n<\/span><img loading=\"lazy\" src=\"https:\/\/www.familialuiscanas.com\/web\/wp-content\/uploads\/2020\/04\/cruzdelpendon.png\" alt=\"botella Cruz del Pend\u00f3n\" width=\"150\" height=\"600\" \/><\/a><\/p>\n<p><a id=\"botella\" class=\"vinos\" href=\"https:\/\/www.familialuiscanas.com\/web\/categoria-producto\/cair\/pendon-de-la-aguilera\/\"><span class=\"nombre-vino\">Pend\u00f3n<br \/>\nde la Aguilera<\/span><img loading=\"lazy\" src=\"https:\/\/www.dominiodecair.com\/blog\/wp-content\/uploads\/2015\/09\/botellas-AGULIERA.png\" alt=\"botella pend\u00f3n de la aguilera\" width=\"150\" height=\"600\" \/><\/a><\/p>\n<\/div>\n<p>&nbsp;<\/p>\n<p>&nbsp;<\/p>\n","protected":false},"excerpt":{"rendered":"<p>Cair Cuv\u00e9e Seleccion La Aguilera Tierras de Cair Cruz del Pend\u00f3n Pend\u00f3n de la Aguilera &nbsp; &nbsp;<\/p>\n","protected":false},"author":1,"featured_media":0,"parent":0,"menu_order":0,"comment_status":"closed","ping_status":"closed","template":"page-templates\/tienda-page.php","meta":[],"_links":{"self":[{"href":"https:\/\/www.familialuiscanas.com\/web\/wp-json\/wp\/v2\/pages\/1614"}],"collection":[{"href":"https:\/\/www.familialuiscanas.com\/web\/wp-json\/wp\/v2\/pages"}],"about":[{"href":"https:\/\/www.familialuiscanas.com\/web\/wp-json\/wp\/v2\/types\/page"}],"author":[{"embeddable":true,"href":"https:\/\/www.familialuiscanas.com\/web\/wp-json\/wp\/v2\/users\/1"}],"replies":[{"embeddable":true,"href":"https:\/\/www.familialuiscanas.com\/web\/wp-json\/wp\/v2\/comments?post=1614"}],"version-history":[{"count":22,"href":"https:\/\/www.familialuiscanas.com\/web\/wp-json\/wp\/v2\/pages\/1614\/revisions"}],"predecessor-version":[{"id":2936,"href":"https:\/\/www.familialuiscanas.com\/web\/wp-json\/wp\/v2\/pages\/1614\/revisions\/2936"}],"wp:attachment":[{"href":"https:\/\/www.familialuiscanas.com\/web\/wp-json\/wp\/v2\/media?parent=1614"}],"curies":[{"name":"wp","href":"https:\/\/api.w.org\/{rel}","templated":true}]}}