{"id":147,"date":"2015-01-20T18:45:55","date_gmt":"2015-01-20T18:45:55","guid":{"rendered":"http:\/\/www.familialuiscanas.com\/web\/?page_id=147"},"modified":"2015-06-19T00:59:18","modified_gmt":"2015-06-19T00:59:18","slug":"politica-de-privacidad","status":"publish","type":"page","link":"https:\/\/www.familialuiscanas.com\/web\/politica-de-privacidad\/","title":{"rendered":"Pol\u00edtica de privacidad"},"content":{"rendered":"<div>\n<div id=\"editorhtml\">\n<p>Algunos de los servicios incluidos en este sitio web exigen la recogida de datos personales que se consideran imprescindibles para la prestaci\u00f3n de los mismos por <strong>Bodegas Luis Ca\u00f1as<\/strong>. Durante el proceso de recogida de los datos, el usuario ser\u00e1 informado del car\u00e1cter necesario de los mismos. Si no se facilitan estos datos obligatorios, no ser\u00e1 posible la prestaci\u00f3n de tales servicios.<\/p>\n<p>La informaci\u00f3n que recibe <strong>Bodegas Luis Ca\u00f1as<\/strong> de los usuarios de este sitio web, a trav\u00e9s de los diferentes formularios (consultas on-line, alta de socios o env\u00edo de curricula) es objeto de tratamiento automatizado y se incorporan a ficheros de su titularidad, siendo asimismo Bodegas Luis Ca\u00f1as la entidad responsable de dichos ficheros.<\/p>\n<p><strong>Bodegas Luis Ca\u00f1as<\/strong> tratar\u00e1 los datos de forma confidencial y exclusivamente con el objetivo de gestionar la relaci\u00f3n con sus clientes y promocionar las actividades de la bodega.<\/p>\n<p>El env\u00edo de correos electr\u00f3nicos o la cumplimentaci\u00f3n de formularios incluidos en el presente sitio web implica el consentimiento expreso del usuario a la inclusi\u00f3n de sus datos de car\u00e1cter personal en los ficheros referidos anteriormente y su consentimiento a que sus datos sean utilizados para el env\u00edo de comunicaciones comerciales de las empresas de la familia por correo electr\u00f3nico o por cualquier otro medio.<\/p>\n<p>En relaci\u00f3n con los datos recabados en la forma prevista en los apartados anteriores, el usuario podr\u00e1 ejercitar los derechos reconocidos por la ley y, en particular, los derechos de acceso, rectificaci\u00f3n o cancelaci\u00f3n de datos y oposici\u00f3n, si resultase pertinente, as\u00ed como el derecho de revocar el consentimiento prestado para la cesi\u00f3n de sus datos. Tales derechos podr\u00e1n ser ejercitados por el usuario o, en su caso, por quien lo represente, mediante solicitud escrita y firmada, dirigida a la siguiente direcci\u00f3n: <strong>Bodegas Luis Ca\u00f1as S.A\u00a0 Ctra. Samaniego, 10 C.P: 01307 Villabuena (\u00c1lava) con CIF A-01236785<\/strong>. La solicitud deber\u00e1 contener los siguientes datos: nombre y apellidos del usuario, domicilio a efectos de notificaciones, fotocopia del Documento Nacional de Identidad o pasaporte, y contenido concreto del derecho ejercitado.<\/p>\n<p><strong>Bodegas Luis Ca\u00f1as<\/strong> no utiliza cookies para acceder a informaci\u00f3n relativa a los usuarios del sitio web. Sin embargo, se reserva el derecho de modificar su criterio respecto al uso de cookies.<\/p>\n<p><strong>Bodegas Luis Ca\u00f1as<\/strong> guardar\u00e1 los datos de car\u00e1cter personal que haya recabado, y adoptar\u00e1 las medidas necesarias para evitar su alteraci\u00f3n, p\u00e9rdida, tratamiento o acceso no autorizados. Bodegas Luis Ca\u00f1as cumplir\u00e1 estos deberes de acuerdo con lo establecido por la normativa aplicable.<\/p>\n<\/div>\n<\/div>\n","protected":false},"excerpt":{"rendered":"<p>Algunos de los servicios incluidos en este sitio web exigen la recogida de datos personales que se consideran imprescindibles para la prestaci\u00f3n de los mismos por Bodegas Luis Ca\u00f1as. Durante el proceso de recogida de los datos, el usuario ser\u00e1 informado del car\u00e1cter necesario de los mismos. Si no se facilitan estos datos obligatorios, no [&hellip;]<\/p>\n","protected":false},"author":1,"featured_media":0,"parent":0,"menu_order":0,"comment_status":"open","ping_status":"open","template":"page-templates\/full-width.php","meta":[],"_links":{"self":[{"href":"https:\/\/www.familialuiscanas.com\/web\/wp-json\/wp\/v2\/pages\/147"}],"collection":[{"href":"https:\/\/www.familialuiscanas.com\/web\/wp-json\/wp\/v2\/pages"}],"about":[{"href":"https:\/\/www.familialuiscanas.com\/web\/wp-json\/wp\/v2\/types\/page"}],"author":[{"embeddable":true,"href":"https:\/\/www.familialuiscanas.com\/web\/wp-json\/wp\/v2\/users\/1"}],"replies":[{"embeddable":true,"href":"https:\/\/www.familialuiscanas.com\/web\/wp-json\/wp\/v2\/comments?post=147"}],"version-history":[{"count":2,"href":"https:\/\/www.familialuiscanas.com\/web\/wp-json\/wp\/v2\/pages\/147\/revisions"}],"predecessor-version":[{"id":354,"href":"https:\/\/www.familialuiscanas.com\/web\/wp-json\/wp\/v2\/pages\/147\/revisions\/354"}],"wp:attachment":[{"href":"https:\/\/www.familialuiscanas.com\/web\/wp-json\/wp\/v2\/media?parent=147"}],"curies":[{"name":"wp","href":"https:\/\/api.w.org\/{rel}","templated":true}]}}